{"id":408,"date":"2024-02-04T23:26:19","date_gmt":"2024-02-04T23:26:19","guid":{"rendered":"https:\/\/prtr.gissolutions.rs\/?page_id=408"},"modified":"2024-12-26T13:32:42","modified_gmt":"2024-12-26T13:32:42","slug":"zakonska-regulativa","status":"publish","type":"page","link":"https:\/\/prtrtrs.gissolutions.rs\/sr_rs_lat\/zakonska-regulativa\/","title":{"rendered":"Zakonska regulativa"},"content":{"rendered":"<section class=\"wp-block-qi-blocks-columns qodef-gutenberg-section qodef--template qodef-block-dc82b17a qodef-col-num--3 qodef-col-layout--33 qodef-gutter--large qodef-vertical-align--top qodef-content--full-width\"><div class=\"qodef-section-background-overlay\"><\/div><div class=\"qodef-gutenberg-row\">\n<div class=\"wp-block-qi-blocks-column qodef-gutenberg-column qodef-block-15e572a1\"><div class=\"qodef-gutenberg-column-inner\">\n<section class=\"wp-block-qi-blocks-columns qodef-gutenberg-section qodef--template qodef-block-af6ea4c5 qodef-col-num--1 qodef-col-layout--100 qodef-content--boxed\"><div class=\"qodef-section-background-overlay\"><\/div><div class=\"qodef-gutenberg-row\">\n<div class=\"wp-block-qi-blocks-column qodef-gutenberg-column qodef-block-e6f52857 qodef-horizontal-align--center\"><div class=\"qodef-gutenberg-column-inner\">\n<div class=\"wp-block-qi-blocks-section-title qodef-block-container qodef-block-03e459c9 qodef-width--full-width\"><div class=\"qi-block-section-title qodef-block qodef-m qodef-link--underline-draw qodef-subtitle-icon--left\"><h4 class=\"qodef-m-title\">Voda<\/h4><\/div><\/div>\n\n\n\n<div class=\"wp-block-qi-blocks-tabs-horizontal qodef-block-container qodef-block-83e9954d\">\n    <div class=\"qi-block-tabs-horizontal qodef-block qodef-m qodef-layout--simple qodef-title-hover--underline-draw qodef-title-underline-from-left\">\n        <ul class=\"qodef-tabs-horizontal-navigation\">\n            <li>\n                <h5 class=\"qodef-tab-title\">\n                    <a href=\"#qodef-tab-83e9954d0\"><span class=\"q-text\">Zakon<\/span><\/a>\n                <\/h5>\n            <\/li>\n            <li>\n                <h5 class=\"qodef-tab-title\">\n                    <a href=\"#qodef-tab-83e9954d1\"><span class=\"q-text\">Pravilnici<\/span><\/a>\n                <\/h5>\n            <\/li>\n        <\/ul>\n        <div id=\"qodef-tab-83e9954d0\" class=\"qodef-tabs-horizontal-content\">\n            <a href=\"https:\/\/prtrtrs.gissolutions.rs\/wp-content\/uploads\/2024\/03\/Zakon-o-vodama-2006.pdf\" target=\"_blank\" rel=\"noopener\">\u2022 Zakon o vodama 2006<\/a><\/br>\n            <a href=\"https:\/\/prtrtrs.gissolutions.rs\/wp-content\/uploads\/2024\/03\/Zakon-o-izmjenama-i-dopunama-Zakona-o-vodama-2012.pdf\" target=\"_blank\" rel=\"noopener\">\u2022 Zakon o izmjenama i dopunama Zakona o vodama (2012)<\/a><\/br>\n            <a href=\"https:\/\/prtrtrs.gissolutions.rs\/wp-content\/uploads\/2024\/03\/Zakon-o-izmjenama-i-dopunama-Zakona-o-vodama-2017.pdf\" target=\"_blank\" rel=\"noopener\">\u2022 Zakon o izmjenama i dopunama Zakona o vodama (2017)<\/a>\n        <\/div>\n        <div id=\"qodef-tab-83e9954d1\" class=\"qodef-tabs-horizontal-content\">\n            <a href=\"https:\/\/prtrtrs.gissolutions.rs\/wp-content\/uploads\/2024\/03\/Pravilnik-o-izmjenama-Pravilnika-o-nacinu-i-metodama-odredivanja-stepena-zagadenosti-otpadnih-voda-kao-osnovice-za-utvrdivanje-vodne-naknade-2012-1.pdf\" target=\"_blank\" rel=\"noopener\">\u2022 Pravilnik o izmjenama Pravilnika o na\u010dinu i metodama odre\u0111ivanja stepena zaga\u0111enosti otpadnih voda kao osnovice za utvr\u0111ivanje vodne naknade (2012)<\/a><\/br>\n            <a href=\"https:\/\/prtrtrs.gissolutions.rs\/wp-content\/uploads\/2024\/03\/Pravilnik-o-nacinu-i-metodama-odredivanja-stepena-zagadenosti-otpadnih-voda-kao-osnovice-za-utvrdivanje-vodne-naknade-2011.pdf\" target=\"_blank\" rel=\"noopener\">\u2022 Pravilnik o na\u010dinu i metodama odre\u0111ivanja stepena zaga\u0111enosti otpadnih voda kao osnovice za utvr\u0111ivanje vodne naknade (2011)<\/a><\/br>\n            <a href=\"https:\/\/prtrtrs.gissolutions.rs\/wp-content\/uploads\/2024\/03\/Pravilnik-o-uslovima-ispustanja-otpadnih-voda-u-povrsinske-vode.pdf\" target=\"_blank\" rel=\"noopener\">\u2022 Pravilnik o uslovima ispu\u0161tanja otpadnih voda u povr\u0161inske vode<\/a><\/br>\n            <a href=\"https:\/\/prtrtrs.gissolutions.rs\/wp-content\/uploads\/2024\/03\/Pravilnik-o-uslovima-za-ispustanje-otpadnih-voda-u-javnu-kanalizaciju.pdf\" target=\"_blank\" rel=\"noopener\">\u2022 Pravilnik o uslovima za ispu\u0161tanje otpadnih voda u javnu kanalizaciju<\/a>\n        <\/div>\n    <\/div>\n<\/div>\n\n<\/div><\/div>\n<\/div><\/section>\n\n\n\n<section class=\"wp-block-qi-blocks-columns qodef-gutenberg-section qodef--template qodef-block-af6ea4c5 qodef-col-num--1 qodef-col-layout--100 qodef-content--boxed\"><div class=\"qodef-section-background-overlay\"><\/div><div class=\"qodef-gutenberg-row\">\n<div class=\"wp-block-qi-blocks-column qodef-gutenberg-column qodef-block-e6f52857 qodef-horizontal-align--center\"><div class=\"qodef-gutenberg-column-inner\">\n<div class=\"wp-block-qi-blocks-section-title qodef-block-container qodef-block-03e459c9 qodef-width--full-width\"><div class=\"qi-block-section-title qodef-block qodef-m qodef-link--underline-draw qodef-subtitle-icon--left\"><h4 class=\"qodef-m-title\">Vazduh<\/h4><\/div><\/div>\n\n\n\n<div class=\"wp-block-qi-blocks-tabs-horizontal qodef-block-container qodef-block-83e9954d\">\n    <div class=\"qi-block-tabs-horizontal qodef-block qodef-m qodef-layout--simple qodef-title-hover--underline-draw qodef-title-underline-from-left\">\n        <ul class=\"qodef-tabs-horizontal-navigation\">\n            <li>\n                <h5 class=\"qodef-tab-title\">\n                    <a href=\"#qodef-tab-83e9954d0\"><span class=\"q-text\">Pravilnici<\/span><\/a>\n                <\/h5>\n            <\/li>\n        <\/ul>\n        <div id=\"qodef-tab-83e9954d0\" class=\"qodef-tabs-horizontal-content\">\n            <a href=\"https:\/\/prtrtrs.gissolutions.rs\/wp-content\/uploads\/2024\/03\/Pravilnik-o-mjerama-za-sprecavanje-i-smanjenje-zagadivanja-vazduha-i-poboljsanje-kvalitete-vazduha-2015-1.pdf\" target=\"_blank\" rel=\"noopener\">\u2022 Pravilnik o mjerama za spre\u010davanje i smanjenje zaga\u0111ivanja vazduha i pobolj\u0161anje kvalitete vazduha (2015-1)<\/a><\/br>\n            <a href=\"https:\/\/prtrtrs.gissolutions.rs\/wp-content\/uploads\/2024\/03\/Pravilnik-o-izmjenama-i-dopunama-Pravilnika-o-mjerama-za-sprecavanje-i-smanjenje-zagadivanja-vazduha-i-poboljsanje-kvalitete-vazduha-2015-2.pdf\" target=\"_blank\" rel=\"noopener\">\u2022 Pravilnik o izmjenama i dopunama Pravilnika o mjerama za spre\u010davanje i smanjenje zaga\u0111ivanja vazduha i pobolj\u0161anje kvalitete vazduha (2015-2)<\/a><\/br>\n            <a href=\"https:\/\/prtrtrs.gissolutions.rs\/wp-content\/uploads\/2024\/03\/Pravilnik-o-izmjenama-i-dopunama-Pravilnika-o-mjerama-za-sprecavanje-i-smanjenje-zagadivanja-vazduha-i-poboljsanje-kvalitete-vazduha-2016.pdf\" target=\"_blank\" rel=\"noopener\">\u2022 Pravilnik o izmjenama i dopunama Pravilnika o mjerama za spre\u010davanje i smanjenje zaga\u0111ivanja vazduha i pobolj\u0161anje kvalitete vazduha (2016)<\/a><\/br>\n            <a href=\"https:\/\/prtrtrs.gissolutions.rs\/wp-content\/uploads\/2024\/03\/Pravilnik-o-izmjenama-i-dopunama-Pravilnika-o-mjerama-za-sprecavanje-i-smanjenje-zagadivanja-vazduha-i-poboljsanje-kvalitete-vazduha-2019.pdf\" target=\"_blank\" rel=\"noopener\">\u2022 Pravilnik o izmjenama i dopunama Pravilnika o mjerama za spre\u010davanje i smanjenje zaga\u0111ivanja vazduha i pobolj\u0161anje kvalitete vazduha (2019)<\/a>\n        <\/div>\n    <\/div>\n<\/div>\n\n<\/div><\/div>\n<\/div><\/section>\n\n\n\n<section class=\"wp-block-qi-blocks-columns qodef-gutenberg-section qodef--template qodef-block-af6ea4c5 qodef-col-num--1 qodef-col-layout--100 qodef-content--boxed\"><div class=\"qodef-section-background-overlay\"><\/div><div class=\"qodef-gutenberg-row\">\n<div class=\"wp-block-qi-blocks-column qodef-gutenberg-column qodef-block-e6f52857 qodef-horizontal-align--center\"><div class=\"qodef-gutenberg-column-inner\">\n<div class=\"wp-block-qi-blocks-section-title qodef-block-container qodef-block-03e459c9 qodef-width--full-width\"><div class=\"qi-block-section-title qodef-block qodef-m qodef-link--underline-draw qodef-subtitle-icon--left\"><h4 class=\"qodef-m-title\">Otpad<\/h4><\/div><\/div>\n\n\n\n<div class=\"wp-block-qi-blocks-tabs-horizontal qodef-block-container qodef-block-83e9954d\">\n    <div class=\"qi-block-tabs-horizontal qodef-block qodef-m qodef-layout--simple qodef-title-hover--underline-draw qodef-title-underline-from-left\">\n        <ul class=\"qodef-tabs-horizontal-navigation\">\n            <li>\n                <h5 class=\"qodef-tab-title\">\n                    <a href=\"#qodef-tab-83e9954d0\"><span class=\"q-text\">Zakon<\/span><\/a>\n                <\/h5>\n            <\/li>\n            <li>\n                <h5 class=\"qodef-tab-title\">\n                    <a href=\"#qodef-tab-83e9954d1\"><span class=\"q-text\">Pravilnici<\/span><\/a>\n                <\/h5>\n            <\/li>\n            <li>\n                <h5 class=\"qodef-tab-title\">\n                    <a href=\"#qodef-tab-83e9954d2\"><span class=\"q-text\">Ostalo<\/span><\/a>\n                <\/h5>\n            <\/li>\n        <\/ul>\n        <div id=\"qodef-tab-83e9954d0\" class=\"qodef-tabs-horizontal-content\">\n            <a href=\"https:\/\/prtrtrs.gissolutions.rs\/wp-content\/uploads\/2024\/03\/Zakon-o-upravljanju-otpadom-2013.pdf\" target=\"_blank\" rel=\"noopener\">\u2022 Zakon o upravljanju otpadom (2013)<\/a><\/br>\n            <a href=\"https:\/\/prtrtrs.gissolutions.rs\/wp-content\/uploads\/2024\/03\/Zakon-o-izmjenama-i-dopunama-Zakona-o-upravljanju-otpadom-2018.pdf\" target=\"_blank\" rel=\"noopener\">\u2022 Zakon o izmjenama i dopunama Zakona o upravljanju otpadom (2018)<\/a><\/br>\n            <a href=\"https:\/\/prtrtrs.gissolutions.rs\/wp-content\/uploads\/2024\/03\/Zakon-o-izmjenama-i-dopunama-Zakona-o-upravljanju-otpadom-2020.pdf\" target=\"_blank\" rel=\"noopener\">\u2022 Zakon o izmjenama i dopunama Zakona o upravljanju otpadom (2020)<\/a><\/br>\n            <a href=\"https:\/\/prtrtrs.gissolutions.rs\/wp-content\/uploads\/2024\/03\/Zakon-o-izmjenama-i-dopunama-Zakona-o-upravljanju-otpadom-2021.pdf\" target=\"_blank\" rel=\"noopener\">\u2022 Zakon o izmjenama i dopunama Zakona o upravljanju otpadom (2021)<\/a>\n        <\/div>\n        <div id=\"qodef-tab-83e9954d1\" class=\"qodef-tabs-horizontal-content\">\n            <a href=\"https:\/\/prtrtrs.gissolutions.rs\/wp-content\/uploads\/2024\/03\/Pravilnik-o-kategorijama-ispitivanju-i-klasifikaciji-otpada-2015.pdf\" target=\"_blank\" rel=\"noopener\">\u2022 Pravilnik o kategorijama, ispitivanju i klasifikaciji otpada (2015)<\/a><\/br>\n            <a href=\"https:\/\/prtrtrs.gissolutions.rs\/wp-content\/uploads\/2024\/03\/Pravilnik-o-izmjenama-Pravilnika-o-kategorijama-ispitivanju-i-klasifikaciji-otpada-2018.pdf\" target=\"_blank\" rel=\"noopener\">\u2022 Pravilnik o izmjenama Pravilnika o kategorijama, ispitivanju i klasifikaciji otpada (2018)<\/a>\n        <\/div>\n        <div id=\"qodef-tab-83e9954d2\" class=\"qodef-tabs-horizontal-content\">\n            <a href=\"https:\/\/prtrtrs.gissolutions.rs\/wp-content\/uploads\/2024\/03\/ListaOtpada_2021-Republicki-zavod-za-statistiku-RS.pdf\" target=\"_blank\" rel=\"noopener\">\u2022 ListaOtpada_2021 (Republi\u010dki zavod za statistiku RS)<\/a>\n        <\/div>\n    <\/div>\n<\/div>\n\n<\/div><\/div>\n<\/div><\/section>\n\n\n\n<section class=\"wp-block-qi-blocks-columns qodef-gutenberg-section qodef--template qodef-block-af6ea4c5 qodef-col-num--1 qodef-col-layout--100 qodef-content--boxed\"><div class=\"qodef-section-background-overlay\"><\/div><div class=\"qodef-gutenberg-row\">\n<div class=\"wp-block-qi-blocks-column qodef-gutenberg-column qodef-block-e6f52857 qodef-horizontal-align--center\"><div class=\"qodef-gutenberg-column-inner\">\n<div class=\"wp-block-qi-blocks-section-title qodef-block-container qodef-block-03e459c9 qodef-width--full-width\"><div class=\"qi-block-section-title qodef-block qodef-m qodef-link--underline-draw qodef-subtitle-icon--left\"><h4 class=\"qodef-m-title\">PRTR<\/h4><\/div><\/div>\n\n\n\n<div class=\"wp-block-qi-blocks-tabs-horizontal qodef-block-container qodef-block-83e9954d\">\n    <div class=\"qi-block-tabs-horizontal qodef-block qodef-m qodef-layout--simple qodef-title-hover--underline-draw qodef-title-underline-from-left\">\n        <ul class=\"qodef-tabs-horizontal-navigation\">\n            <li>\n                <h5 class=\"qodef-tab-title\">\n                    <a href=\"#qodef-tab-83e9954d0\"><span class=\"q-text\">Pravilnici<\/span><\/a>\n                <\/h5>\n            <\/li>\n            <li>\n                <h5 class=\"qodef-tab-title\">\n                    <a href=\"#qodef-tab-83e9954d1\"><span class=\"q-text\">Ostalo<\/span><\/a>\n                <\/h5>\n            <\/li>\n        <\/ul>\n        <div id=\"qodef-tab-83e9954d0\" class=\"qodef-tabs-horizontal-content\">\n            <a href=\"https:\/\/prtrtrs.gissolutions.rs\/wp-content\/uploads\/2024\/03\/Pravilnik-o-Registru-ispustanja-i-prenosa-zagadujucih-materija-iz-postrojenja-i-Uputstvo.pdf\" target=\"_blank\" rel=\"noopener\">\u2022 Pravilnik o Registru ispu\u0161tanja i prenosa zaga\u0111uju\u0107ih materija iz postrojenja i Uputstvo<\/a>\n        <\/div>\n        <div id=\"qodef-tab-83e9954d1\" class=\"qodef-tabs-horizontal-content\"><\/div>\n    <\/div>\n<\/div>\n\n<\/div><\/div>\n<\/div><\/section>\n\n\n\n<section class=\"wp-block-qi-blocks-columns qodef-gutenberg-section qodef--template qodef-block-af6ea4c5 qodef-col-num--1 qodef-col-layout--100 qodef-content--boxed\"><div class=\"qodef-section-background-overlay\"><\/div><div class=\"qodef-gutenberg-row\">\n<div class=\"wp-block-qi-blocks-column qodef-gutenberg-column qodef-block-e6f52857 qodef-horizontal-align--center\"><div class=\"qodef-gutenberg-column-inner\">\n<div class=\"wp-block-qi-blocks-section-title qodef-block-container qodef-block-03e459c9 qodef-width--full-width\"><div class=\"qi-block-section-title qodef-block qodef-m qodef-link--underline-draw qodef-subtitle-icon--left\"><h4 class=\"qodef-m-title\">Zivotna sredina<\/h4><\/div><\/div>\n\n\n\n<div class=\"wp-block-qi-blocks-tabs-horizontal qodef-block-container qodef-block-83e9954d\">\n    <div class=\"qi-block-tabs-horizontal qodef-block qodef-m qodef-layout--simple qodef-title-hover--underline-draw qodef-title-underline-from-left\">\n        <ul class=\"qodef-tabs-horizontal-navigation\">\n            <li>\n                <h5 class=\"qodef-tab-title\">\n                    <a href=\"#qodef-tab-83e9954d0\"><span class=\"q-text\">Zakon<\/span><\/a>\n                <\/h5>\n            <\/li>\n            <li>\n                <h5 class=\"qodef-tab-title\">\n                    <a href=\"#qodef-tab-83e9954d1\"><span class=\"q-text\">Pravilnici<\/span><\/a>\n                <\/h5>\n            <\/li>\n        <\/ul>\n        <div id=\"qodef-tab-83e9954d0\" class=\"qodef-tabs-horizontal-content\">\n            <a href=\"https:\/\/prtrtrs.gissolutions.rs\/wp-content\/uploads\/2024\/03\/Zakon-o-zastiti-zivotne-sredine.pdf\" target=\"_blank\" rel=\"noopener\">\u2022 Zakon o za\u0161titi \u017eivotne sredine<\/a><\/br>\n            <a href=\"https:\/\/prtrtrs.gissolutions.rs\/wp-content\/uploads\/2024\/03\/Zakon-o-izmjenama-i-dopunama-Zakona-o-zastiti-zivotne-sredine-2015.pdf\" target=\"_blank\" rel=\"noopener\">\u2022 Zakon o izmjenama i dopunama Zakona o za\u0161titi \u017eivotne sredine (2015)<\/a><\/br>\n            <a href=\"https:\/\/prtrtrs.gissolutions.rs\/wp-content\/uploads\/2024\/03\/Zakon-o-izmjenama-i-dopunama-Zakona-o-zastiti-zivotne-sredine-2020.pdf\" target=\"_blank\" rel=\"noopener\">\u2022 Zakon o izmjenama i dopunama Zakona o za\u0161titi \u017eivotne sredine (2020)<\/a>\n        <\/div>\n        <div id=\"qodef-tab-83e9954d1\" class=\"qodef-tabs-horizontal-content\">\n            <a href=\"https:\/\/prtrtrs.gissolutions.rs\/wp-content\/uploads\/2024\/03\/Pravilnik-o-projektima-za-koje-se-sprovodi-procjena-uticaja-na-zivotnu-sredinu.pdf\" target=\"_blank\" rel=\"noopener\">\u2022 Pravilnik o projektima za koje se sprovodi procjena uticaja na \u017eivotnu sredinu<\/a><\/br>\n            <a href=\"https:\/\/prtrtrs.gissolutions.rs\/wp-content\/uploads\/2024\/03\/Pravilnik-o-postrojenjima-koja-mogu-biti-izgradena-i-pustena-u-rad-samo-ukoliko-imaju-ekolosku-dozvolu.pdf\" target=\"_blank\" rel=\"noopener\">\u2022 Pravilnik o postrojenjima koja mogu biti izgra\u0111ena i pu\u0161tena u rad samo ukoliko imaju ekolo\u0161ku dozvolu<\/a>\n        <\/div>\n    <\/div>\n<\/div>\n\n<\/div><\/div>\n<\/div><\/section>\n\n\n\n<section class=\"wp-block-qi-blocks-columns qodef-gutenberg-section qodef--template qodef-block-af6ea4c5 qodef-col-num--1 qodef-col-layout--100 qodef-content--boxed\"><div class=\"qodef-section-background-overlay\"><\/div><div class=\"qodef-gutenberg-row\">\n<div class=\"wp-block-qi-blocks-column qodef-gutenberg-column qodef-block-e6f52857 qodef-horizontal-align--center\"><div class=\"qodef-gutenberg-column-inner\">\n<div class=\"wp-block-qi-blocks-section-title qodef-block-container qodef-block-03e459c9 qodef-width--full-width\"><div class=\"qi-block-section-title qodef-block qodef-m qodef-link--underline-draw qodef-subtitle-icon--left\"><h4 class=\"qodef-m-title\">EU Zakonodavstvo<\/h4><\/div><\/div>\n\n\n\n<div class=\"wp-block-qi-blocks-tabs-horizontal qodef-block-container qodef-block-83e9954d\">\n    <div class=\"qi-block-tabs-horizontal qodef-block qodef-m qodef-layout--simple qodef-title-hover--underline-draw qodef-title-underline-from-left\">\n        <ul class=\"qodef-tabs-horizontal-navigation\">\n            <li>\n                <h5 class=\"qodef-tab-title\">\n                    <a href=\"#qodef-tab-83e9954d0\"><span class=\"q-text\">Zakon<\/span><\/a>\n                <\/h5>\n            <\/li>\n            <li>\n                <h5 class=\"qodef-tab-title\">\n                    <a href=\"#qodef-tab-83e9954d1\"><span class=\"q-text\">Pravilnici<\/span><\/a>\n                <\/h5>\n            <\/li>\n        <\/ul>\n        <div id=\"qodef-tab-83e9954d0\" class=\"qodef-tabs-horizontal-content\">\n            <a href=\"https:\/\/prtrtrs.gissolutions.rs\/wp-content\/uploads\/2024\/03\/Zakon-o-zastiti-zivotne-sredine.pdf\" target=\"_blank\" rel=\"noopener\">\u2022 Zakon o za\u0161titi \u017eivotne sredine<\/a><\/br>\n            <a href=\"https:\/\/prtrtrs.gissolutions.rs\/wp-content\/uploads\/2024\/03\/Zakon-o-izmjenama-i-dopunama-Zakona-o-zastiti-zivotne-sredine-2015.pdf\" target=\"_blank\" rel=\"noopener\">\u2022 Zakon o izmjenama i dopunama Zakona o za\u0161titi \u017eivotne sredine (2015)<\/a><\/br>\n            <a href=\"https:\/\/prtrtrs.gissolutions.rs\/wp-content\/uploads\/2024\/03\/Zakon-o-izmjenama-i-dopunama-Zakona-o-zastiti-zivotne-sredine-2020.pdf\" target=\"_blank\" rel=\"noopener\">\u2022 Zakon o izmjenama i dopunama Zakona o za\u0161titi \u017eivotne sredine (2020)<\/a>\n        <\/div>\n        <div id=\"qodef-tab-83e9954d1\" class=\"qodef-tabs-horizontal-content\">\n            <a href=\"https:\/\/prtrtrs.gissolutions.rs\/wp-content\/uploads\/2024\/03\/Pravilnik-o-projektima-za-koje-se-sprovodi-procjena-uticaja-na-zivotnu-sredinu.pdf\" target=\"_blank\" rel=\"noopener\">\u2022 Pravilnik o projektima za koje se sprovodi procjena uticaja na \u017eivotnu sredinu<\/a><\/br>\n            <a href=\"https:\/\/prtrtrs.gissolutions.rs\/wp-content\/uploads\/2024\/03\/Pravilnik-o-postrojenjima-koja-mogu-biti-izgradena-i-pustena-u-rad-samo-ukoliko-imaju-ekolosku-dozvolu.pdf\" target=\"_blank\" rel=\"noopener\">\u2022 Pravilnik o postrojenjima koja mogu biti izgra\u0111ena i pu\u0161tena u rad samo ukoliko imaju ekolo\u0161ku dozvolu<\/a>\n        <\/div>\n    <\/div>\n<\/div>\n\n<\/div><\/div>\n<\/div><\/section>\n<\/div><\/div>\n\n\n\n<div class=\"wp-block-qi-blocks-column qodef-gutenberg-column qodef-block-4084df62 qodef-vertical-align--top\"><div class=\"qodef-gutenberg-column-inner\">\n<div class=\"wp-block-columns is-layout-flex wp-container-core-columns-is-layout-7387b849 wp-block-columns-is-layout-flex\">\n<div class=\"wp-block-column has-background is-layout-flow wp-block-column-is-layout-flow\" style=\"background-color:#ececec;padding-top:var(--wp--preset--spacing--20);padding-right:var(--wp--preset--spacing--40);padding-bottom:var(--wp--preset--spacing--20);padding-left:var(--wp--preset--spacing--40)\">\n<figure class=\"wp-block-image size-full is-style-rounded\"><img loading=\"lazy\" decoding=\"async\" width=\"1024\" height=\"1024\" src=\"https:\/\/prtrtrs.gissolutions.rs\/wp-content\/uploads\/2024\/11\/right_picture.jpg\" alt=\"\" class=\"wp-image-1051\" srcset=\"https:\/\/prtrtrs.gissolutions.rs\/wp-content\/uploads\/2024\/11\/right_picture.jpg 1024w, https:\/\/prtrtrs.gissolutions.rs\/wp-content\/uploads\/2024\/11\/right_picture-300x300.jpg 300w, https:\/\/prtrtrs.gissolutions.rs\/wp-content\/uploads\/2024\/11\/right_picture-150x150.jpg 150w, https:\/\/prtrtrs.gissolutions.rs\/wp-content\/uploads\/2024\/11\/right_picture-768x768.jpg 768w, https:\/\/prtrtrs.gissolutions.rs\/wp-content\/uploads\/2024\/11\/right_picture-12x12.jpg 12w, https:\/\/prtrtrs.gissolutions.rs\/wp-content\/uploads\/2024\/11\/right_picture-650x650.jpg 650w\" sizes=\"auto, (max-width: 1024px) 100vw, 1024px\" \/><\/figure>\n\n\n\n<div class=\"wp-block-qi-blocks-section-title qodef-block-container qodef-block-f674a312  prijava-dugme-registar\"><div class=\"qi-block-section-title qodef-block qodef-m prijava-dugme-registar qodef-link--underline-draw qodef-subtitle-icon--left\"><h5 class=\"qodef-m-title\"><a href=\"https:\/\/prtr.rhmzrs.com\/\" data-type=\"link\" data-id=\"https:\/\/prtr.rhmzrs.com\/\">Prijava u PRTR<\/a><\/h5><\/div><\/div>\n\n\n\n<div class=\"wp-block-qi-blocks-section-title qodef-block-container qodef-block-3109732d\"><div class=\"qi-block-section-title qodef-block qodef-m qodef-link--underline-draw qodef-subtitle-icon--left\"><h5 class=\"qodef-m-title\">PRTR kontakt:<\/h5><\/div><\/div>\n\n\n\n<div class=\"wp-block-qi-blocks-section-title qodef-block-container qodef-block-b8744a2a\"><div class=\"qi-block-section-title qodef-block qodef-m qodef-link--underline-draw qodef-subtitle-icon--left\"><p class=\"qodef-m-text\">Kontakt telefon:<br><a href=\"tel:+387-(0)51-346492\">+387-(0)51-346492<\/a>;<br><a href=\"tel:+387-(0)65-089688\">+387-(0)65-089688<\/a><br><\/p><\/div><\/div>\n\n\n\n<div class=\"wp-block-qi-blocks-section-title qodef-block-container qodef-block-e1b4c31c\"><div class=\"qi-block-section-title qodef-block qodef-m qodef-link--underline-draw qodef-subtitle-icon--left\"><p class=\"qodef-m-text\">email: <a href=\"mailto:prtr@fmoit.gov.ba\"><a href=\"mailto:prtrrs@rhmzrs.com\">prtrrs@rhmzrs.com<\/a><\/a><\/p><\/div><\/div>\n\n\n\n<div class=\"wp-block-qi-blocks-section-title qodef-block-container qodef-block-d3ab0942\"><div class=\"qi-block-section-title qodef-block qodef-m qodef-link--underline-draw qodef-subtitle-icon--left\"><\/div><\/div>\n<\/div>\n<\/div>\n<\/div><\/div>\n\n\n\n<div class=\"wp-block-qi-blocks-column qodef-gutenberg-column qodef-block-4a58d0fa\"><div class=\"qodef-gutenberg-column-inner\"><\/div><\/div>\n<\/div><\/section>","protected":false},"excerpt":{"rendered":"","protected":false},"author":1,"featured_media":0,"parent":0,"menu_order":0,"comment_status":"closed","ping_status":"closed","template":"","meta":{"_crdt_document":"","footnotes":""},"class_list":["post-408","page","type-page","status-publish","hentry"],"_links":{"self":[{"href":"https:\/\/prtrtrs.gissolutions.rs\/sr_rs_lat\/wp-json\/wp\/v2\/pages\/408","targetHints":{"allow":["GET"]}}],"collection":[{"href":"https:\/\/prtrtrs.gissolutions.rs\/sr_rs_lat\/wp-json\/wp\/v2\/pages"}],"about":[{"href":"https:\/\/prtrtrs.gissolutions.rs\/sr_rs_lat\/wp-json\/wp\/v2\/types\/page"}],"author":[{"embeddable":true,"href":"https:\/\/prtrtrs.gissolutions.rs\/sr_rs_lat\/wp-json\/wp\/v2\/users\/1"}],"replies":[{"embeddable":true,"href":"https:\/\/prtrtrs.gissolutions.rs\/sr_rs_lat\/wp-json\/wp\/v2\/comments?post=408"}],"version-history":[{"count":122,"href":"https:\/\/prtrtrs.gissolutions.rs\/sr_rs_lat\/wp-json\/wp\/v2\/pages\/408\/revisions"}],"predecessor-version":[{"id":1354,"href":"https:\/\/prtrtrs.gissolutions.rs\/sr_rs_lat\/wp-json\/wp\/v2\/pages\/408\/revisions\/1354"}],"wp:attachment":[{"href":"https:\/\/prtrtrs.gissolutions.rs\/sr_rs_lat\/wp-json\/wp\/v2\/media?parent=408"}],"curies":[{"name":"wp","href":"https:\/\/api.w.org\/{rel}","templated":true}]}}