{"id":1358,"date":"2024-12-26T13:38:31","date_gmt":"2024-12-26T13:38:31","guid":{"rendered":"https:\/\/prtrtrs.gissolutions.rs\/?page_id=1358"},"modified":"2025-03-09T14:47:00","modified_gmt":"2025-03-09T14:47:00","slug":"kontakt","status":"publish","type":"page","link":"https:\/\/prtrtrs.gissolutions.rs\/sr_rs_lat\/kontakt\/","title":{"rendered":"Kontakt"},"content":{"rendered":"<section class=\"wp-block-qi-blocks-columns qodef-gutenberg-section qodef--template qodef-block-ebe2f99d qodef-col-num--3 qodef-col-layout--33 qodef-gutter--large qodef-vertical-align--top qodef-content--full-width\"><div class=\"qodef-section-background-overlay\"><\/div><div class=\"qodef-gutenberg-row\">\n<div class=\"wp-block-qi-blocks-column qodef-gutenberg-column qodef-block-fba8a14d\"><div class=\"qodef-gutenberg-column-inner\">\n<section class=\"wp-block-qi-blocks-columns qodef-gutenberg-section qodef--template qodef-block-da2dd6a9 qodef-col-num--1 qodef-col-layout--100 qodef-content--boxed\"><div class=\"qodef-section-background-overlay\"><\/div><div class=\"qodef-gutenberg-row\">\n<div class=\"wp-block-qi-blocks-column qodef-gutenberg-column qodef-block-60004946\"><div class=\"qodef-gutenberg-column-inner\">\n<div class=\"wp-block-columns is-layout-flex wp-container-core-columns-is-layout-7387b849 wp-block-columns-is-layout-flex\">\n<div class=\"wp-block-column is-layout-flow wp-container-core-column-is-layout-9dc570c0 wp-block-column-is-layout-flow\" style=\"padding-top:0;padding-bottom:0\">\n<p class=\"has-x-large-font-size wp-block-paragraph\"><strong>Republi\u010dki hidrometeorolo\u0161ki zavod Republike Srpske<\/strong><\/p>\n\n\n\n<p class=\"has-large-font-size wp-block-paragraph\">Registar ispu\u0161tanja i prenosa zaga\u0111uju\u0107ih materija (PRTR)<\/p>\n\n\n\n<div style=\"height:20px\" aria-hidden=\"true\" class=\"wp-block-spacer\"><\/div>\n\n\n\n<p class=\"wp-block-paragraph\"><strong>Odjeljenje za za\u0161titu \u017eivotne sredine<\/strong><\/p>\n\n\n\n<p class=\"wp-block-paragraph\">Ulica Slavka Rodi\u0107a br. 5<\/p>\n\n\n\n<p class=\"wp-block-paragraph\">78000 Banja Luka<\/p>\n\n\n\n<p class=\"wp-block-paragraph\">Republika Srpska<\/p>\n\n\n\n<p class=\"wp-block-paragraph\">Telefon: <a href=\"tel:+38751346492\">+387 51\/346-492<\/a><\/p>\n\n\n\n<p class=\"wp-block-paragraph\">E-mail: <a href=\"mailto:prtrrs@rhmzrs.com\">prtrrs@rhmzrs.com<\/a><\/p>\n\n\n\n<div style=\"height:20px\" aria-hidden=\"true\" class=\"wp-block-spacer\"><\/div>\n\n\n\n<p class=\"wp-block-paragraph\"><strong>Rukovodstvo<\/strong><\/p>\n\n\n\n<p class=\"wp-block-paragraph\">Put banjalu\u010dkog odreda bb<\/p>\n\n\n\n<p class=\"wp-block-paragraph\">78000 Banja Luka<\/p>\n\n\n\n<p class=\"wp-block-paragraph\">Republika Srpska<\/p>\n\n\n\n<p class=\"wp-block-paragraph\">Telefon: <a href=\"tel:+38751433522\">+387 51\/ 433-522<\/a><\/p>\n\n\n\n<p class=\"wp-block-paragraph\">Email: <a href=\"mailto:rhmz@teol.net\">rhmz@teol.net<\/a><\/p>\n<\/div>\n<\/div>\n<\/div><\/div>\n<\/div><\/section>\n<\/div><\/div>\n\n\n\n<div class=\"wp-block-qi-blocks-column qodef-gutenberg-column qodef-block-4eac8dbe\"><div class=\"qodef-gutenberg-column-inner\"><\/div><\/div>\n\n\n\n<div class=\"wp-block-qi-blocks-column qodef-gutenberg-column qodef-block-5de68057\"><div class=\"qodef-gutenberg-column-inner\"><\/div><\/div>\n<\/div><\/section>","protected":false},"excerpt":{"rendered":"","protected":false},"author":1,"featured_media":0,"parent":0,"menu_order":0,"comment_status":"closed","ping_status":"closed","template":"","meta":{"_crdt_document":"","footnotes":""},"class_list":["post-1358","page","type-page","status-publish","hentry"],"_links":{"self":[{"href":"https:\/\/prtrtrs.gissolutions.rs\/sr_rs_lat\/wp-json\/wp\/v2\/pages\/1358","targetHints":{"allow":["GET"]}}],"collection":[{"href":"https:\/\/prtrtrs.gissolutions.rs\/sr_rs_lat\/wp-json\/wp\/v2\/pages"}],"about":[{"href":"https:\/\/prtrtrs.gissolutions.rs\/sr_rs_lat\/wp-json\/wp\/v2\/types\/page"}],"author":[{"embeddable":true,"href":"https:\/\/prtrtrs.gissolutions.rs\/sr_rs_lat\/wp-json\/wp\/v2\/users\/1"}],"replies":[{"embeddable":true,"href":"https:\/\/prtrtrs.gissolutions.rs\/sr_rs_lat\/wp-json\/wp\/v2\/comments?post=1358"}],"version-history":[{"count":11,"href":"https:\/\/prtrtrs.gissolutions.rs\/sr_rs_lat\/wp-json\/wp\/v2\/pages\/1358\/revisions"}],"predecessor-version":[{"id":1448,"href":"https:\/\/prtrtrs.gissolutions.rs\/sr_rs_lat\/wp-json\/wp\/v2\/pages\/1358\/revisions\/1448"}],"wp:attachment":[{"href":"https:\/\/prtrtrs.gissolutions.rs\/sr_rs_lat\/wp-json\/wp\/v2\/media?parent=1358"}],"curies":[{"name":"wp","href":"https:\/\/api.w.org\/{rel}","templated":true}]}}