{"id":823,"date":"2024-04-28T10:05:30","date_gmt":"2024-04-28T10:05:30","guid":{"rendered":"https:\/\/prtr.gissolutions.rs\/?page_id=823"},"modified":"2025-03-09T13:25:52","modified_gmt":"2025-03-09T13:25:52","slug":"korisnicka-uputstva","status":"publish","type":"page","link":"https:\/\/prtrtrs.gissolutions.rs\/en\/izvjestavanje\/korisnicka-uputstva\/","title":{"rendered":"Korisni\u010dka uputstva"},"content":{"rendered":"<section class=\"wp-block-qi-blocks-columns qodef-gutenberg-section qodef--template qodef-block-dc82b17a qodef-col-num--3 qodef-col-layout--33 qodef-gutter--large qodef-vertical-align--top qodef-content--full-width\"><div class=\"qodef-section-background-overlay\"><\/div><div class=\"qodef-gutenberg-row\">\n<div class=\"wp-block-qi-blocks-column qodef-gutenberg-column qodef-block-421c54c2\"><div class=\"qodef-gutenberg-column-inner\"><nav class=\"has-text-color has-black-color has-small-font-size is-responsive items-justified-left is-vertical wp-block-navigation is-content-justification-left is-layout-flex wp-container-core-navigation-is-layout-adff9063 wp-block-navigation-is-layout-flex\" aria-label=\"Izve\u0161tavanje\" \n\t\t data-wp-interactive=\"core\/navigation\" data-wp-context='{\"overlayOpenedBy\":{\"click\":false,\"hover\":false,\"focus\":false},\"type\":\"overlay\",\"roleAttribute\":\"\",\"ariaLabel\":\"Menu\"}'><button aria-haspopup=\"dialog\" aria-label=\"Open menu\" class=\"wp-block-navigation__responsive-container-open\" \n\t\t\t\tdata-wp-on--click=\"actions.openMenuOnClick\"\n\t\t\t\tdata-wp-on--keydown=\"actions.handleMenuKeydown\"\n\t\t\t><svg width=\"24\" height=\"24\" xmlns=\"http:\/\/www.w3.org\/2000\/svg\" viewbox=\"0 0 24 24\" aria-hidden=\"true\" focusable=\"false\"><path d=\"M4 7.5h16v1.5H4z\"><\/path><path d=\"M4 15h16v1.5H4z\"><\/path><\/svg><\/button>\n\t\t\t\t<div class=\"wp-block-navigation__responsive-container\"  id=\"modal-1\" \n\t\t\t\tdata-wp-class--has-modal-open=\"state.isMenuOpen\"\n\t\t\t\tdata-wp-class--is-menu-open=\"state.isMenuOpen\"\n\t\t\t\tdata-wp-watch=\"callbacks.initMenu\"\n\t\t\t\tdata-wp-on--keydown=\"actions.handleMenuKeydown\"\n\t\t\t\tdata-wp-on--focusout=\"actions.handleMenuFocusout\"\n\t\t\t\ttabindex=\"-1\"\n\t\t\t>\n\t\t\t\t\t<div class=\"wp-block-navigation__responsive-close\" tabindex=\"-1\">\n\t\t\t\t\t\t<div class=\"wp-block-navigation__responsive-dialog\" \n\t\t\t\tdata-wp-bind--aria-modal=\"state.ariaModal\"\n\t\t\t\tdata-wp-bind--aria-label=\"state.ariaLabel\"\n\t\t\t\tdata-wp-bind--role=\"state.roleAttribute\"\n\t\t\t>\n\t\t\t\t\t\t\t<button aria-label=\"Close menu\" class=\"wp-block-navigation__responsive-container-close\" \n\t\t\t\tdata-wp-on--click=\"actions.closeMenuOnClick\"\n\t\t\t><svg xmlns=\"http:\/\/www.w3.org\/2000\/svg\" viewbox=\"0 0 24 24\" width=\"24\" height=\"24\" aria-hidden=\"true\" focusable=\"false\"><path d=\"m13.06 12 6.47-6.47-1.06-1.06L12 10.94 5.53 4.47 4.47 5.53 10.94 12l-6.47 6.47 1.06 1.06L12 13.06l6.47 6.47 1.06-1.06L13.06 12Z\"><\/path><\/svg><\/button>\n\t\t\t\t\t\t\t<div class=\"wp-block-navigation__responsive-container-content\" \n\t\t\t\tdata-wp-watch=\"callbacks.focusFirstElement\"\n\t\t\t id=\"modal-1-content\">\n\t\t\t\t\t\t\t\t<ul class=\"wp-block-navigation__container has-text-color has-black-color has-small-font-size is-responsive items-justified-left is-vertical wp-block-navigation has-small-font-size\"><li class=\"has-small-font-size wp-block-navigation-item wp-block-navigation-link\"><a class=\"wp-block-navigation-item__content\"  href=\"https:\/\/prtrtrs.gissolutions.rs\/en\/korisnicka-uputstva\/\"><span class=\"wp-block-navigation-item__label\">Korisni\u010dka uputstva<\/span><\/a><\/li><li class=\"has-small-font-size wp-block-navigation-item wp-block-navigation-link\"><a class=\"wp-block-navigation-item__content\"  href=\"https:\/\/prtrtrs.gissolutions.rs\/en\/najcesce-postavljana-pitanja\/\"><span class=\"wp-block-navigation-item__label\">Naj\u010de\u0161\u0107e postavljana pitanja<\/span><\/a><\/li><\/ul>\n\t\t\t\t\t\t\t\t\n\t\t\t\t\t\t\t<\/div>\n\t\t\t\t\t\t<\/div>\n\t\t\t\t\t<\/div>\n\t\t\t\t<\/div><\/nav><\/div><\/div>\n\n\n\n<div class=\"wp-block-qi-blocks-column qodef-gutenberg-column qodef-block-15e572a1\"><div class=\"qodef-gutenberg-column-inner\">\n<section class=\"wp-block-qi-blocks-columns qodef-gutenberg-section qodef--template qodef-block-41ce94d3 qodef-col-num--1 qodef-col-layout--100 qodef-content--boxed\"><div class=\"qodef-section-background-overlay\"><\/div><div class=\"qodef-gutenberg-row\">\n<div class=\"wp-block-qi-blocks-column qodef-gutenberg-column qodef-block-3ffc333d\"><div class=\"qodef-gutenberg-column-inner\">\n<div class=\"wp-block-qi-blocks-section-title qodef-block-container qodef-block-94da9a3c\"><div class=\"qi-block-section-title qodef-block qodef-m qodef-link--underline-draw qodef-subtitle-icon--left\"><h6 class=\"qodef-m-title\">Preparing your 2022-23 report<\/h6><p class=\"qodef-m-text\">Use our guide to find out how to compile your text. <\/p><\/div><\/div>\n<\/div><\/div>\n<\/div><\/section>\n\n\n\n<section class=\"wp-block-qi-blocks-columns qodef-gutenberg-section qodef--template qodef-block-9fdd6d65 qodef-col-num--1 qodef-col-layout--100 qodef-content--boxed\"><div class=\"qodef-section-background-overlay\"><\/div><div class=\"qodef-gutenberg-row\">\n<div class=\"wp-block-qi-blocks-column qodef-gutenberg-column qodef-block-2b897cc7\"><div class=\"qodef-gutenberg-column-inner\">\n<p class=\"wp-block-paragraph\"><\/p>\n\n\n\n<p class=\"wp-block-paragraph\"><\/p>\n<\/div><\/div>\n<\/div><\/section>\n\n\n\n<div class=\"wp-block-file\"><a id=\"wp-block-file--media-7f16ab7e-adfb-4675-8466-15d9d3e42bf1\" href=\"https:\/\/prtrtrs.gissolutions.rs\/wp-content\/uploads\/2024\/12\/USER_LATIN.pdf\"> <\/a><a href=\"https:\/\/prtrtrs.gissolutions.rs\/wp-content\/uploads\/2024\/12\/USER_LATIN.pdf\" class=\"wp-block-file__button wp-element-button\" download aria-describedby=\"wp-block-file--media-7f16ab7e-adfb-4675-8466-15d9d3e42bf1\">Uputstvo za kori\u0161\u0107enje softvera                                                                                                                                                                                               <\/a><\/div>\n\n\n\n<p class=\"wp-block-paragraph\"><\/p>\n\n\n\n<div class=\"wp-block-file\"><a id=\"wp-block-file--media-7965298e-2aca-4a9b-b4d2-f510441fcfc3\" href=\"https:\/\/prtrtrs.gissolutions.rs\/wp-content\/uploads\/2024\/12\/Uputstvo-za-odredivanje-kolicina-emitovanih-zagadujucih-materija-u-vazduh-sa-kopova-uglja-i-drugih-mineralnih-sirovina.pdf\"> <\/a><a href=\"https:\/\/prtrtrs.gissolutions.rs\/wp-content\/uploads\/2024\/12\/Uputstvo-za-odredivanje-kolicina-emitovanih-zagadujucih-materija-u-vazduh-sa-kopova-uglja-i-drugih-mineralnih-sirovina.pdf\" class=\"wp-block-file__button wp-element-button\" download aria-describedby=\"wp-block-file--media-7965298e-2aca-4a9b-b4d2-f510441fcfc3\">Uputstvo za odre\u0111ivanje koli\u010dina emitovanih zaga\u0111uju\u0107ih materija u vazduh sa kopova uglja i drugih mineralnih sirovina<\/a><\/div>\n\n\n\n<p class=\"wp-block-paragraph\"><\/p>\n\n\n\n<div class=\"wp-block-file\"><a id=\"wp-block-file--media-aa17a338-88ef-474b-a6ae-c4312b3cb142\" href=\"https:\/\/prtrtrs.gissolutions.rs\/wp-content\/uploads\/2024\/12\/Uputstvo-za-procjenu-emisija-zagadujucih-materija-u-vazduh-sa-farmi-svinja-i-zivine.pdf\"> <\/a><a href=\"https:\/\/prtrtrs.gissolutions.rs\/wp-content\/uploads\/2024\/12\/Uputstvo-za-procjenu-emisija-zagadujucih-materija-u-vazduh-sa-farmi-svinja-i-zivine.pdf\" class=\"wp-block-file__button wp-element-button\" download aria-describedby=\"wp-block-file--media-aa17a338-88ef-474b-a6ae-c4312b3cb142\">Uputstvo za procjenu emisija zaga\u0111uju\u0107ih materija u vazduh sa farmi svinja i \u017eivine                                                          <\/a><\/div>\n\n\n\n<p class=\"wp-block-paragraph\"><\/p>\n\n\n\n<div class=\"wp-block-file\"><a id=\"wp-block-file--media-bd63eb55-cdc1-4616-98c7-c35cf5275558\" href=\"https:\/\/prtrtrs.gissolutions.rs\/wp-content\/uploads\/2024\/12\/Uputstvo-za-proracun-kolicina-emitovanih-zagadujucih-materija-u-vazduh-iz-termoenergetskih-postrojenja-i-uredaja.pdf\"> <\/a><a href=\"https:\/\/prtrtrs.gissolutions.rs\/wp-content\/uploads\/2024\/12\/Uputstvo-za-proracun-kolicina-emitovanih-zagadujucih-materija-u-vazduh-iz-termoenergetskih-postrojenja-i-uredaja.pdf\" class=\"wp-block-file__button wp-element-button\" download aria-describedby=\"wp-block-file--media-bd63eb55-cdc1-4616-98c7-c35cf5275558\">Uputstvo za prora\u010dun koli\u010dina emitovanih zaga\u0111uju\u0107ih materija u vazduh iz termoenergetskih postrojenja i ure\u0111aja<\/a><\/div>\n\n\n\n<p class=\"wp-block-paragraph\"><\/p>\n<\/div><\/div>\n\n\n\n<div class=\"wp-block-qi-blocks-column qodef-gutenberg-column qodef-block-4084df62 qodef-vertical-align--top\"><div class=\"qodef-gutenberg-column-inner\">\n<div class=\"wp-block-columns is-layout-flex wp-container-core-columns-is-layout-7387b849 wp-block-columns-is-layout-flex\">\n<div class=\"wp-block-column has-background is-layout-flow wp-block-column-is-layout-flow\" style=\"background-color:#ececec;padding-top:var(--wp--preset--spacing--20);padding-right:var(--wp--preset--spacing--40);padding-bottom:var(--wp--preset--spacing--20);padding-left:var(--wp--preset--spacing--40)\">\n<figure class=\"wp-block-image size-full is-style-rounded\"><img loading=\"lazy\" decoding=\"async\" width=\"1024\" height=\"1024\" src=\"https:\/\/prtrtrs.gissolutions.rs\/wp-content\/uploads\/2024\/11\/right_picture.jpg\" alt=\"\" class=\"wp-image-1051\" srcset=\"https:\/\/prtrtrs.gissolutions.rs\/wp-content\/uploads\/2024\/11\/right_picture.jpg 1024w, https:\/\/prtrtrs.gissolutions.rs\/wp-content\/uploads\/2024\/11\/right_picture-300x300.jpg 300w, https:\/\/prtrtrs.gissolutions.rs\/wp-content\/uploads\/2024\/11\/right_picture-150x150.jpg 150w, https:\/\/prtrtrs.gissolutions.rs\/wp-content\/uploads\/2024\/11\/right_picture-768x768.jpg 768w, https:\/\/prtrtrs.gissolutions.rs\/wp-content\/uploads\/2024\/11\/right_picture-12x12.jpg 12w, https:\/\/prtrtrs.gissolutions.rs\/wp-content\/uploads\/2024\/11\/right_picture-650x650.jpg 650w\" sizes=\"auto, (max-width: 1024px) 100vw, 1024px\" \/><\/figure>\n\n\n\n<div class=\"wp-block-qi-blocks-section-title qodef-block-container qodef-block-f674a312  prijava-dugme-registar\"><div class=\"qi-block-section-title qodef-block qodef-m prijava-dugme-registar qodef-link--underline-draw qodef-subtitle-icon--left\"><h5 class=\"qodef-m-title\"><a href=\"https:\/\/prtr.rhmzrs.com\/\" data-type=\"link\" data-id=\"https:\/\/prtr.rhmzrs.com\/\">Prijava u PRTR<\/a><\/h5><\/div><\/div>\n\n\n\n<div class=\"wp-block-qi-blocks-section-title qodef-block-container qodef-block-3109732d\"><div class=\"qi-block-section-title qodef-block qodef-m qodef-link--underline-draw qodef-subtitle-icon--left\"><h5 class=\"qodef-m-title\">PRTR kontakt:<\/h5><\/div><\/div>\n\n\n\n<div class=\"wp-block-qi-blocks-section-title qodef-block-container qodef-block-b8744a2a\"><div class=\"qi-block-section-title qodef-block qodef-m qodef-link--underline-draw qodef-subtitle-icon--left\"><p class=\"qodef-m-text\">Kontakt telefon:<br><a href=\"tel:+387-(0)51-346492\">+387-(0)51-346492<\/a>;<br><a href=\"tel:+387-(0)65-089688\">+387-(0)65-089688<\/a><br><\/p><\/div><\/div>\n\n\n\n<div class=\"wp-block-qi-blocks-section-title qodef-block-container qodef-block-e1b4c31c\"><div class=\"qi-block-section-title qodef-block qodef-m qodef-link--underline-draw qodef-subtitle-icon--left\"><p class=\"qodef-m-text\">email: <a href=\"mailto:prtr@fmoit.gov.ba\"><a href=\"mailto:prtrrs@rhmzrs.com\">prtrrs@rhmzrs.com<\/a><\/a><\/p><\/div><\/div>\n\n\n\n<div class=\"wp-block-qi-blocks-section-title qodef-block-container qodef-block-d3ab0942\"><div class=\"qi-block-section-title qodef-block qodef-m qodef-link--underline-draw qodef-subtitle-icon--left\"><\/div><\/div>\n<\/div>\n<\/div>\n<\/div><\/div>\n<\/div><\/section>","protected":false},"excerpt":{"rendered":"","protected":false},"author":1,"featured_media":0,"parent":781,"menu_order":0,"comment_status":"closed","ping_status":"closed","template":"","meta":{"_crdt_document":"","footnotes":""},"class_list":["post-823","page","type-page","status-publish","hentry"],"_links":{"self":[{"href":"https:\/\/prtrtrs.gissolutions.rs\/en\/wp-json\/wp\/v2\/pages\/823","targetHints":{"allow":["GET"]}}],"collection":[{"href":"https:\/\/prtrtrs.gissolutions.rs\/en\/wp-json\/wp\/v2\/pages"}],"about":[{"href":"https:\/\/prtrtrs.gissolutions.rs\/en\/wp-json\/wp\/v2\/types\/page"}],"author":[{"embeddable":true,"href":"https:\/\/prtrtrs.gissolutions.rs\/en\/wp-json\/wp\/v2\/users\/1"}],"replies":[{"embeddable":true,"href":"https:\/\/prtrtrs.gissolutions.rs\/en\/wp-json\/wp\/v2\/comments?post=823"}],"version-history":[{"count":14,"href":"https:\/\/prtrtrs.gissolutions.rs\/en\/wp-json\/wp\/v2\/pages\/823\/revisions"}],"predecessor-version":[{"id":1335,"href":"https:\/\/prtrtrs.gissolutions.rs\/en\/wp-json\/wp\/v2\/pages\/823\/revisions\/1335"}],"up":[{"embeddable":true,"href":"https:\/\/prtrtrs.gissolutions.rs\/en\/wp-json\/wp\/v2\/pages\/781"}],"wp:attachment":[{"href":"https:\/\/prtrtrs.gissolutions.rs\/en\/wp-json\/wp\/v2\/media?parent=823"}],"curies":[{"name":"wp","href":"https:\/\/api.w.org\/{rel}","templated":true}]}}