{"id":762,"date":"2024-04-27T15:11:23","date_gmt":"2024-04-27T15:11:23","guid":{"rendered":"https:\/\/prtr.gissolutions.rs\/?page_id=762"},"modified":"2024-12-26T12:47:25","modified_gmt":"2024-12-26T12:47:25","slug":"prtr","status":"publish","type":"page","link":"https:\/\/prtrtrs.gissolutions.rs\/en\/prtr\/","title":{"rendered":"PRTR"},"content":{"rendered":"<section class=\"wp-block-qi-blocks-columns qodef-gutenberg-section qodef--template qodef-block-dc82b17a qodef-col-num--3 qodef-col-layout--33 qodef-gutter--large qodef-vertical-align--top qodef-content--full-width\"><div class=\"qodef-section-background-overlay\"><\/div><div class=\"qodef-gutenberg-row\">\n<div class=\"wp-block-qi-blocks-column qodef-gutenberg-column qodef-block-421c54c2\"><div class=\"qodef-gutenberg-column-inner\"><nav class=\"has-text-color has-black-color has-small-font-size is-responsive items-justified-left is-vertical wp-block-navigation is-content-justification-left is-layout-flex wp-container-core-navigation-is-layout-adff9063 wp-block-navigation-is-layout-flex\" aria-label=\"PRTR\" \n\t\t data-wp-interactive=\"core\/navigation\" data-wp-context='{\"overlayOpenedBy\":{\"click\":false,\"hover\":false,\"focus\":false},\"type\":\"overlay\",\"roleAttribute\":\"\",\"ariaLabel\":\"Menu\"}'><button aria-haspopup=\"dialog\" aria-label=\"Open menu\" class=\"wp-block-navigation__responsive-container-open\" \n\t\t\t\tdata-wp-on--click=\"actions.openMenuOnClick\"\n\t\t\t\tdata-wp-on--keydown=\"actions.handleMenuKeydown\"\n\t\t\t><svg width=\"24\" height=\"24\" xmlns=\"http:\/\/www.w3.org\/2000\/svg\" viewbox=\"0 0 24 24\" aria-hidden=\"true\" focusable=\"false\"><path d=\"M4 7.5h16v1.5H4z\"><\/path><path d=\"M4 15h16v1.5H4z\"><\/path><\/svg><\/button>\n\t\t\t\t<div class=\"wp-block-navigation__responsive-container\"  id=\"modal-1\" \n\t\t\t\tdata-wp-class--has-modal-open=\"state.isMenuOpen\"\n\t\t\t\tdata-wp-class--is-menu-open=\"state.isMenuOpen\"\n\t\t\t\tdata-wp-watch=\"callbacks.initMenu\"\n\t\t\t\tdata-wp-on--keydown=\"actions.handleMenuKeydown\"\n\t\t\t\tdata-wp-on--focusout=\"actions.handleMenuFocusout\"\n\t\t\t\ttabindex=\"-1\"\n\t\t\t>\n\t\t\t\t\t<div class=\"wp-block-navigation__responsive-close\" tabindex=\"-1\">\n\t\t\t\t\t\t<div class=\"wp-block-navigation__responsive-dialog\" \n\t\t\t\tdata-wp-bind--aria-modal=\"state.ariaModal\"\n\t\t\t\tdata-wp-bind--aria-label=\"state.ariaLabel\"\n\t\t\t\tdata-wp-bind--role=\"state.roleAttribute\"\n\t\t\t>\n\t\t\t\t\t\t\t<button aria-label=\"Close menu\" class=\"wp-block-navigation__responsive-container-close\" \n\t\t\t\tdata-wp-on--click=\"actions.closeMenuOnClick\"\n\t\t\t><svg xmlns=\"http:\/\/www.w3.org\/2000\/svg\" viewbox=\"0 0 24 24\" width=\"24\" height=\"24\" aria-hidden=\"true\" focusable=\"false\"><path d=\"m13.06 12 6.47-6.47-1.06-1.06L12 10.94 5.53 4.47 4.47 5.53 10.94 12l-6.47 6.47 1.06 1.06L12 13.06l6.47 6.47 1.06-1.06L13.06 12Z\"><\/path><\/svg><\/button>\n\t\t\t\t\t\t\t<div class=\"wp-block-navigation__responsive-container-content\" \n\t\t\t\tdata-wp-watch=\"callbacks.focusFirstElement\"\n\t\t\t id=\"modal-1-content\">\n\t\t\t\t\t\t\t\t<ul class=\"wp-block-navigation__container has-text-color has-black-color has-small-font-size is-responsive items-justified-left is-vertical wp-block-navigation has-small-font-size\"><li class=\"has-small-font-size wp-block-navigation-item wp-block-navigation-link\"><a class=\"wp-block-navigation-item__content\"  href=\"https:\/\/prtrtrs.gissolutions.rs\/en\/znacaj-prtr-a\/\"><span class=\"wp-block-navigation-item__label\">Zna\u010daj PRTR-a<\/span><\/a><\/li><li class=\"has-small-font-size wp-block-navigation-item wp-block-navigation-link\"><a class=\"wp-block-navigation-item__content\"  href=\"https:\/\/prtrtrs.gissolutions.rs\/en\/aktuelnosti\/\"><span class=\"wp-block-navigation-item__label\">Aktuelnosti<\/span><\/a><\/li><li class=\"has-small-font-size wp-block-navigation-item wp-block-navigation-link\"><a class=\"wp-block-navigation-item__content\"  href=\"https:\/\/prtrtrs.gissolutions.rs\/en\/publikacije\/\"><span class=\"wp-block-navigation-item__label\">Publikacije<\/span><\/a><\/li><\/ul>\n\t\t\t\t\t\t\t\t\n\t\t\t\t\t\t\t<\/div>\n\t\t\t\t\t\t<\/div>\n\t\t\t\t\t<\/div>\n\t\t\t\t<\/div><\/nav><\/div><\/div>\n\n\n\n<div class=\"wp-block-qi-blocks-column qodef-gutenberg-column qodef-block-15e572a1\"><div class=\"qodef-gutenberg-column-inner\">\n<h2 class=\"wp-block-heading\"><strong>\u0160ta je PRTR?<\/strong><\/h2>\n\n\n\n<section class=\"wp-block-qi-blocks-columns qodef-gutenberg-section qodef--template qodef-block-f0b66646 qodef-col-num--1 qodef-col-layout--100 qodef-content--boxed\"><div class=\"qodef-section-background-overlay\"><\/div><div class=\"qodef-gutenberg-row\">\n<div class=\"wp-block-qi-blocks-column qodef-gutenberg-column qodef-block-c6178de2\"><div class=\"qodef-gutenberg-column-inner\">\n<p class=\"wp-block-paragraph\">PRTR je javno dostupna baza podataka o \u017eivotnoj sredini ili inventar, registar koji pru\u017ea periodi\u010dne i pouzdane podatke o potencijalno opasnim hemijskim supstancama i\/ili zaga\u0111iva\u010dima koji se osloba\u0111aju u vazduh, vodu i zemlji\u0161te i prenose van lokacije radi le\u010denja ili odlaganja.\u00a0 PRTR sadr\u017ei informacije o izdanjima (emisijama) iz objekata u \u017eivotnu sredinu i prenose u druge objekte.<\/p>\n\n\n\n<p class=\"wp-block-paragraph\">PRTR registar bi&nbsp;<strong>mogao da obezbedi kreatorima politike klju\u010dne indikatore za&nbsp;<\/strong>merenje napretka u smanjenju zaga\u0111iva\u010da,&nbsp;<strong>unapre\u0111ivanju odr\u017eivosti i uspehu zelene ekonomije<\/strong>. Vlade, akademije, istra\u017eiva\u010dke institucije, javnost i preduze\u0107a mogu da primene PRTR u razvoju svojih strate\u0161kih politika i ciljeva.<\/p>\n\n\n\n<ul class=\"wp-block-list\">\n<li>Lista hemikalija, grupa hemikalija i drugih relevantnih zaga\u0111iva\u010da koji se osloba\u0111aju u \u017eivotnu sredinu ili se prenose van lokacije;<\/li>\n\n\n\n<li>Integrisano multimedijarno izve\u0161tavanje o izdanjima i transferima (u vazduh, vodu i kopno);<\/li>\n\n\n\n<li>Periodi\u010dno izve\u0161tavanje (po mogu\u0107stvu godi\u0161nje);<\/li>\n\n\n\n<li>Izve\u0161tavanje po izvoru, izvorima naslovnih tvr\u0440aka i izvorima bez tkanja, gde je to prikladno;<\/li>\n\n\n\n<li>\u010cine\u0107i podatke dostupnim javnosti.<\/li>\n\n\n\n<li>Beneficije za dr\u017eavne vlast<strong>i<\/strong><\/li>\n<\/ul>\n\n\n\n<p class=\"wp-block-paragraph\">PRTR sistem bi mogao da podr\u017ei vlade, ka\u017eu u UNECE:<\/p>\n\n\n\n<ul class=\"wp-block-list\">\n<li>da preispita usagla\u0161enost industrijskih objekata sa njihovim uslovima dozvole;<\/li>\n\n\n\n<li>pra\u0107enje osloba\u0111anja opasnih hemijskih supstanci i trendova zaga\u0111enja tokom vremena;<\/li>\n\n\n\n<li>da ispita napredak u smanjenju emisija;<\/li>\n\n\n\n<li>pra\u0107enje usagla\u0161enosti i nacionalnog napretka sa me\u0111unarodnim obavezama;<\/li>\n\n\n\n<li>da postavi prioritete za smanjenje ili \u010dak eliminisanje potencijalno naj\u0161tetnijih izdanja;<\/li>\n\n\n\n<li>da identifikuje prioritetne industrijske sektore za eko-inovacije;<\/li>\n\n\n\n<li>kori\u0161\u0107enje PRTR rezultata u proceni rizika po ljudsko zdravlje i \u017eivotnu sredinu;<\/li>\n\n\n\n<li>da pomogne u postizanju prevencije zaga\u0111enja, smanjenju tereta kontrolnih propisa, koji zahtevaju veliku birokratiju za pra\u0107enje i primenu;<\/li>\n\n\n\n<li>smanjiti tro\u0161kove vladama i industriji obezbe\u0111ivanjem koordiniranog sistema izve\u0161tavanja;<\/li>\n\n\n\n<li>da unapredi me\u0111unarodnu saradnju kroz razmenu informacija i pru\u017eanje tehni\u010dke pomo\u0107i.<\/li>\n<\/ul>\n\n\n\n<p class=\"wp-block-paragraph\">Vladine agencije \u2013 nacionalne, dr\u017eavne i lokalne \u2013 mogu da koriste podatke PRTR-a za merenje trendova u osloba\u0111anju zaga\u0111iva\u010da i proizvodnji otpada, informi\u0161u odluke o politici za\u0161tite \u017eivotne sredine, procene programe za\u0161tite \u017eivotne sredine i, u kombinaciji sa informacijama vezanim za zdravlje, identifikuju potencijalne ljudske zdravstvene i ekolo\u0161ke rizike.<\/p>\n\n\n\n<p class=\"wp-block-paragraph\">Jednom kada se informacije pravilno kategorizuju u PRTR sistemu, vladine vlasti su u poziciji da&nbsp;<strong>&nbsp;prate svako objavljivanje i prenos dosledno tokom vremena<\/strong>. Vlasti tada mogu&nbsp;<strong>da postave prioritete za smanjenje ili \u010dak eliminisanje potencijalno naj\u0161tetnijih izdanja<\/strong>.<\/p>\n\n\n\n<p class=\"wp-block-paragraph\">Za vladu, implementacija PRTR sistema mo\u017ee da&nbsp; pomogne u&nbsp;<strong>postizanju prevencije zaga\u0111enja, umanjenjem tereta kontrolnih propisa, koji zahtevaju veliku birokratiju za nadgledanje i sprovo\u0111enje<\/strong>. S obzirom da se specifi\u010dne hemikalije ili klase hemikalija (alkane, kancerogeni itd.) obuhva\u0107eni PRTR-om mogu razlikovati u smislu inherentne opasnosti, visoka ukupna vrednost pu\u0161tanja\/prenosa za datu hemikaliju ili zaga\u0111iva\u010da ne mo\u017ee uvek da se pretvori u visok rizik. Nasuprot tome, hemikalija ili zaga\u0111iva\u010d koji ima ni\u017ei nivo osloba\u0111anja\/prenosa mo\u017ee u stvarnosti da predstavlja ve\u0107i rizik. Ovaj koncept razlikovanja opasnosti treba uzeti u obzir u dizajnu PRTR-a, kao i na\u010dinu preno\u0161enja takvih informacija javnosti.<\/p>\n\n\n\n<p class=\"wp-block-paragraph\">Sa PRTR sistemom, lokalne ili regionalne vlade mogu da procene status lokalnih sredina i mogu da koriste PRTR rezultate kao jedan od inputa za procenu rizika po ljudsko zdravlje i \u017eivotnu sredinu. Upotreba PRTR podataka&nbsp;<em>kao klju\u010dnog unosa za procenu takvih rizika omogu\u0107ava nacionalnim vlastima ili me\u0111unarodnim organizacijama da procene i uporede ekolo\u0161ke probleme na doslednoj i zajedni\u010dkoj<\/em>&nbsp;osnovi, npr&nbsp; .<\/p>\n\n\n\n<h3 class=\"wp-block-heading\"><strong>Ko je obveznik izvje\u0161tavanja?<\/strong><\/h3>\n\n\n\n<p class=\"wp-block-paragraph\">U skladu sa Zakonom o za\u0161titi \u017eivotne sredine (\u201cSlu\u017ebeni glasnik Republike Srpske\u201d, br. 71\/12) i Pravilnikom o registru ispu\u0161tanja i prenosa zaga\u0111uju\u0107ih materija iz postrojenja (\u201cSlu\u017ebeni glasnik Republike Srpske\u201d, br. 55\/23), odgovorno lice postrojenja za koje je izdata ekolo\u0161ka dozvola du\u017eno je da dostavlja izvje\u0161taj Republi\u010dkom hidrometeorolo\u0161kom zavodu o ispu\u0161tanjima i prenosima zaga\u0111uju\u0107ih materija.<br>Odgovorno lice postrojenja dostavlja podatke jednom godi\u0161nje, najkasnije do 31. marta teku\u0107e godine, za prethodnu kalendarsku godinu (izvje\u0161tajna godina).<br>Detaljna lista djelatnosti postrojenja, njihove \u0161ifre i minimalne grani\u010dne vrijednosti kapaciteta, data je u Prilogu 1 i Prilogu 2 Pravilnika o registru ispu\u0161tanja i prenosa zaga\u0111uju\u0107ih materija iz postrojenja.<\/p>\n<\/div><\/div>\n<\/div><\/section>\n<\/div><\/div>\n\n\n\n<div class=\"wp-block-qi-blocks-column qodef-gutenberg-column qodef-block-4084df62 qodef-vertical-align--top\"><div class=\"qodef-gutenberg-column-inner\">\n<div class=\"wp-block-columns is-layout-flex wp-container-core-columns-is-layout-7387b849 wp-block-columns-is-layout-flex\">\n<div class=\"wp-block-column has-background is-layout-flow wp-block-column-is-layout-flow\" style=\"background-color:#ececec;padding-top:var(--wp--preset--spacing--20);padding-right:var(--wp--preset--spacing--40);padding-bottom:var(--wp--preset--spacing--20);padding-left:var(--wp--preset--spacing--40)\">\n<figure class=\"wp-block-image size-full is-style-rounded\"><img loading=\"lazy\" decoding=\"async\" width=\"1024\" height=\"1024\" src=\"https:\/\/prtrtrs.gissolutions.rs\/wp-content\/uploads\/2024\/11\/right_picture.jpg\" alt=\"\" class=\"wp-image-1051\" srcset=\"https:\/\/prtrtrs.gissolutions.rs\/wp-content\/uploads\/2024\/11\/right_picture.jpg 1024w, https:\/\/prtrtrs.gissolutions.rs\/wp-content\/uploads\/2024\/11\/right_picture-300x300.jpg 300w, https:\/\/prtrtrs.gissolutions.rs\/wp-content\/uploads\/2024\/11\/right_picture-150x150.jpg 150w, https:\/\/prtrtrs.gissolutions.rs\/wp-content\/uploads\/2024\/11\/right_picture-768x768.jpg 768w, https:\/\/prtrtrs.gissolutions.rs\/wp-content\/uploads\/2024\/11\/right_picture-12x12.jpg 12w, https:\/\/prtrtrs.gissolutions.rs\/wp-content\/uploads\/2024\/11\/right_picture-650x650.jpg 650w\" sizes=\"auto, (max-width: 1024px) 100vw, 1024px\" \/><\/figure>\n\n\n\n<div class=\"wp-block-qi-blocks-section-title qodef-block-container qodef-block-f674a312  prijava-dugme-registar\"><div class=\"qi-block-section-title qodef-block qodef-m prijava-dugme-registar qodef-link--underline-draw qodef-subtitle-icon--left\"><h5 class=\"qodef-m-title\"><a href=\"https:\/\/prtr.rhmzrs.com\/\" data-type=\"link\" data-id=\"https:\/\/prtr.rhmzrs.com\/\">Prijava u PRTR<\/a><\/h5><\/div><\/div>\n\n\n\n<div class=\"wp-block-qi-blocks-section-title qodef-block-container qodef-block-3109732d\"><div class=\"qi-block-section-title qodef-block qodef-m qodef-link--underline-draw qodef-subtitle-icon--left\"><h5 class=\"qodef-m-title\">PRTR kontakt:<\/h5><\/div><\/div>\n\n\n\n<div class=\"wp-block-qi-blocks-section-title qodef-block-container qodef-block-b8744a2a\"><div class=\"qi-block-section-title qodef-block qodef-m qodef-link--underline-draw qodef-subtitle-icon--left\"><p class=\"qodef-m-text\">Kontakt telefon:<br><a href=\"tel:+387-(0)51-346492\">+387-(0)51-346492<\/a>;<br><a href=\"tel:+387-(0)65-089688\">+387-(0)65-089688<\/a><br><\/p><\/div><\/div>\n\n\n\n<div class=\"wp-block-qi-blocks-section-title qodef-block-container qodef-block-e1b4c31c\"><div class=\"qi-block-section-title qodef-block qodef-m qodef-link--underline-draw qodef-subtitle-icon--left\"><p class=\"qodef-m-text\">email: <a href=\"mailto:prtr@fmoit.gov.ba\"><a href=\"mailto:prtrrs@rhmzrs.com\">prtrrs@rhmzrs.com<\/a><\/a><\/p><\/div><\/div>\n\n\n\n<div class=\"wp-block-qi-blocks-section-title qodef-block-container qodef-block-d3ab0942\"><div class=\"qi-block-section-title qodef-block qodef-m qodef-link--underline-draw qodef-subtitle-icon--left\"><\/div><\/div>\n<\/div>\n<\/div>\n<\/div><\/div>\n<\/div><\/section>","protected":false},"excerpt":{"rendered":"","protected":false},"author":1,"featured_media":0,"parent":0,"menu_order":0,"comment_status":"closed","ping_status":"closed","template":"","meta":{"_crdt_document":"","footnotes":""},"class_list":["post-762","page","type-page","status-publish","hentry"],"_links":{"self":[{"href":"https:\/\/prtrtrs.gissolutions.rs\/en\/wp-json\/wp\/v2\/pages\/762","targetHints":{"allow":["GET"]}}],"collection":[{"href":"https:\/\/prtrtrs.gissolutions.rs\/en\/wp-json\/wp\/v2\/pages"}],"about":[{"href":"https:\/\/prtrtrs.gissolutions.rs\/en\/wp-json\/wp\/v2\/types\/page"}],"author":[{"embeddable":true,"href":"https:\/\/prtrtrs.gissolutions.rs\/en\/wp-json\/wp\/v2\/users\/1"}],"replies":[{"embeddable":true,"href":"https:\/\/prtrtrs.gissolutions.rs\/en\/wp-json\/wp\/v2\/comments?post=762"}],"version-history":[{"count":20,"href":"https:\/\/prtrtrs.gissolutions.rs\/en\/wp-json\/wp\/v2\/pages\/762\/revisions"}],"predecessor-version":[{"id":1331,"href":"https:\/\/prtrtrs.gissolutions.rs\/en\/wp-json\/wp\/v2\/pages\/762\/revisions\/1331"}],"wp:attachment":[{"href":"https:\/\/prtrtrs.gissolutions.rs\/en\/wp-json\/wp\/v2\/media?parent=762"}],"curies":[{"name":"wp","href":"https:\/\/api.w.org\/{rel}","templated":true}]}}