{"id":34,"date":"2024-01-27T15:25:33","date_gmt":"2024-01-27T15:25:33","guid":{"rendered":"https:\/\/prtr.gissolutions.rs\/?page_id=34"},"modified":"2025-03-09T14:40:02","modified_gmt":"2025-03-09T14:40:02","slug":"pocetna","status":"publish","type":"page","link":"https:\/\/prtrtrs.gissolutions.rs\/en\/","title":{"rendered":"Po\u010detna"},"content":{"rendered":"<section class=\"wp-block-qi-blocks-columns qodef-gutenberg-section qodef--template qodef-block-11f458a1 qodef-col-num--2 qodef-col-layout--50 qodef-gutter--medium qodef-vertical-align--top qodef-content--boxed\"><div class=\"qodef-section-background-overlay\"><\/div><div class=\"qodef-gutenberg-row\">\n<div class=\"wp-block-qi-blocks-column qodef-gutenberg-column qodef-block-370ff067\"><div class=\"qodef-gutenberg-column-inner\">\n<section class=\"wp-block-qi-blocks-columns qodef-gutenberg-section qodef--template qodef-block-f3df0670 qodef-col-num--1 qodef-col-layout--100 qodef-content--boxed\"><div class=\"qodef-section-background-overlay\"><\/div><div class=\"qodef-gutenberg-row\">\n<div class=\"wp-block-qi-blocks-column qodef-gutenberg-column qodef-block-5183976e\"><div class=\"qodef-gutenberg-column-inner\">\n<h2 class=\"wp-block-heading\">Po\u0161tovani korisnici,<\/h2>\n\n\n\n<p class=\"wp-block-paragraph\">Dobro do\u0161li na portal Registra ispu\u0161tanja i prenosa zaga\u0111uju\u0107ih materija iz postrojenja, koji se u vodi u Republi\u010dkom hidrometeorolo\u0161kom zavodu Republike Srpske.<\/p>\n\n\n\n<p class=\"wp-block-paragraph\">Registar sadr\u017ei sistematizovane podatke o ispu\u0161tanju zaga\u0111uju\u0107ih materija u vazduh, vodu i zemlji\u0161te, podatke o upravljanju otpadom, prenosu zaga\u0111uju\u0107ih materija van mjesta nastanka i ispu\u0161tanju zaga\u0111uju\u0107ih materija iz difuznih izvora.<\/p>\n\n\n\n<p class=\"wp-block-paragraph\">Protokol o registru ispu\u0161tanja i prenosa zaga\u0111uju\u0107ih materija (PRTR-Protocol on pollutant release and transfer register) je poseban me\u0111unarodni ugovor usvojen na Petoj ministarskoj konferenciji \u201e\u017divotna sredina za Evropu\u201c, odr\u017eanoj u Kijevu 2003. godine i predstavlja me\u0111unarodni ugovor razvijen u okviru Arhuske konvencije (Konvencija o pristupu informacijama, u\u010de\u0161\u0107u javnosti u odlu\u010divanju i pristupu pravdi u pitanjima \u017eivotne sredine). Pristupanjem Bosne i Hercegovine PRTR protokolu 2003. godine, Republika Srpska je implementirala odredbe PRTR protokola i E-PRTR direktive u svoje zakonodavstvo.<\/p>\n\n\n\n<p class=\"has-background-alt-color has-text-color has-link-color wp-elements-fcfe562030d0e46866252930c048eae9 wp-block-paragraph\">Cilj ovog Protokola je unapre\u0111enje pristupa javnosti informacijama uspostavom jedinstvenih, cjelovitih registara ispu\u0161tanja i prenosa zaga\u0111uju\u0107ih materija u skladu sa odredbama ovog Protokola, \u010dime bi se moglo olak\u0161ati u\u010de\u0161\u0107e javnosti u odlu\u010divanju o \u017eivotnoj sredini te doprinijeti spre\u010davanju i smanjenju zaga\u0111enja \u017eivotne sredine.<\/p>\n\n\n\n<p class=\"wp-block-paragraph\"><\/p>\n\n\n\n<div class=\"wp-block-columns is-layout-flex wp-container-core-columns-is-layout-7387b849 wp-block-columns-is-layout-flex\">\n<div class=\"wp-block-column is-layout-flow wp-block-column-is-layout-flow\"><p><iframe loading=\"lazy\" src=\"https:\/\/prtrportal.rhmzrs.com\/wp-map\/\" width=\"800\" height=\"1100\" style=\"border:none;overflow:hidden;\" scrolling=\"no\" frameborder=\"0\" allowfullscreen=\"true\" allow=\"autoplay; clipboard-write; encrypted-media; picture-in-picture; web-share\"><\/iframe><\/p>\n<\/div>\n<\/div>\n<\/div><\/div>\n<\/div><\/section>\n<\/div><\/div>\n\n\n\n<div class=\"wp-block-qi-blocks-column qodef-gutenberg-column qodef-block-e841f4f9 qodef-vertical-align--top\"><div class=\"qodef-gutenberg-column-inner\">\n<div class=\"wp-block-columns is-layout-flex wp-container-core-columns-is-layout-7387b849 wp-block-columns-is-layout-flex\">\n<div class=\"wp-block-column has-background is-layout-flow wp-block-column-is-layout-flow\" style=\"background-color:#ececec;padding-top:var(--wp--preset--spacing--20);padding-right:var(--wp--preset--spacing--40);padding-bottom:var(--wp--preset--spacing--20);padding-left:var(--wp--preset--spacing--40)\">\n<figure class=\"wp-block-image size-full is-style-rounded\"><img loading=\"lazy\" decoding=\"async\" width=\"1024\" height=\"1024\" src=\"https:\/\/prtrtrs.gissolutions.rs\/wp-content\/uploads\/2024\/11\/right_picture.jpg\" alt=\"\" class=\"wp-image-1051\" srcset=\"https:\/\/prtrtrs.gissolutions.rs\/wp-content\/uploads\/2024\/11\/right_picture.jpg 1024w, https:\/\/prtrtrs.gissolutions.rs\/wp-content\/uploads\/2024\/11\/right_picture-300x300.jpg 300w, https:\/\/prtrtrs.gissolutions.rs\/wp-content\/uploads\/2024\/11\/right_picture-150x150.jpg 150w, https:\/\/prtrtrs.gissolutions.rs\/wp-content\/uploads\/2024\/11\/right_picture-768x768.jpg 768w, https:\/\/prtrtrs.gissolutions.rs\/wp-content\/uploads\/2024\/11\/right_picture-12x12.jpg 12w, https:\/\/prtrtrs.gissolutions.rs\/wp-content\/uploads\/2024\/11\/right_picture-650x650.jpg 650w\" sizes=\"auto, (max-width: 1024px) 100vw, 1024px\" \/><\/figure>\n\n\n\n<div class=\"wp-block-qi-blocks-section-title qodef-block-container qodef-block-87f7ca16  prijava-dugme-registar\"><div class=\"qi-block-section-title qodef-block qodef-m prijava-dugme-registar qodef-link--underline-draw qodef-subtitle-icon--left\"><h5 class=\"qodef-m-title\"><a href=\"https:\/\/prtr.rhmzrs.com\/\" data-type=\"link\" data-id=\"https:\/\/prtr.rhmzrs.com\/\">Prijava u PRTR<\/a><\/h5><\/div><\/div>\n\n\n\n<div class=\"wp-block-qi-blocks-section-title qodef-block-container qodef-block-6d4ff6ff\"><div class=\"qi-block-section-title qodef-block qodef-m qodef-link--underline-draw qodef-subtitle-icon--left\"><h5 class=\"qodef-m-title\">PRTR kontakt:<\/h5><\/div><\/div>\n\n\n\n<div class=\"wp-block-qi-blocks-section-title qodef-block-container qodef-block-7aac4f80\"><div class=\"qi-block-section-title qodef-block qodef-m qodef-link--underline-draw qodef-subtitle-icon--left\"><p class=\"qodef-m-text\">Kontakt telefon:<br><a href=\"tel:+387-(0)51-346492\">+387-(0)51-346492<\/a>;<br><a href=\"tel:+387-(0)65-089688\">+387-(0)65-089688<\/a><br><\/p><\/div><\/div>\n\n\n\n<div class=\"wp-block-qi-blocks-section-title qodef-block-container qodef-block-e1b4c31c\"><div class=\"qi-block-section-title qodef-block qodef-m qodef-link--underline-draw qodef-subtitle-icon--left\"><p class=\"qodef-m-text\">email: <a href=\"mailto:prtr@fmoit.gov.ba\"><a href=\"mailto:prtrrs@rhmzrs.com\">prtrrs@rhmzrs.com<\/a><\/a><\/p><\/div><\/div>\n\n\n\n<div class=\"wp-block-qi-blocks-section-title qodef-block-container qodef-block-10f93dcc\"><div class=\"qi-block-section-title qodef-block qodef-m qodef-link--underline-draw qodef-subtitle-icon--left\"><\/div><\/div>\n<\/div>\n<\/div>\n<\/div><\/div>\n<\/div><\/section>","protected":false},"excerpt":{"rendered":"","protected":false},"author":1,"featured_media":0,"parent":0,"menu_order":0,"comment_status":"closed","ping_status":"closed","template":"","meta":{"_crdt_document":"","footnotes":""},"class_list":["post-34","page","type-page","status-publish","hentry"],"_links":{"self":[{"href":"https:\/\/prtrtrs.gissolutions.rs\/en\/wp-json\/wp\/v2\/pages\/34","targetHints":{"allow":["GET"]}}],"collection":[{"href":"https:\/\/prtrtrs.gissolutions.rs\/en\/wp-json\/wp\/v2\/pages"}],"about":[{"href":"https:\/\/prtrtrs.gissolutions.rs\/en\/wp-json\/wp\/v2\/types\/page"}],"author":[{"embeddable":true,"href":"https:\/\/prtrtrs.gissolutions.rs\/en\/wp-json\/wp\/v2\/users\/1"}],"replies":[{"embeddable":true,"href":"https:\/\/prtrtrs.gissolutions.rs\/en\/wp-json\/wp\/v2\/comments?post=34"}],"version-history":[{"count":178,"href":"https:\/\/prtrtrs.gissolutions.rs\/en\/wp-json\/wp\/v2\/pages\/34\/revisions"}],"predecessor-version":[{"id":1442,"href":"https:\/\/prtrtrs.gissolutions.rs\/en\/wp-json\/wp\/v2\/pages\/34\/revisions\/1442"}],"wp:attachment":[{"href":"https:\/\/prtrtrs.gissolutions.rs\/en\/wp-json\/wp\/v2\/media?parent=34"}],"curies":[{"name":"wp","href":"https:\/\/api.w.org\/{rel}","templated":true}]}}